{"id":290,"date":"2020-06-25T20:53:39","date_gmt":"2020-06-25T18:53:39","guid":{"rendered":"http:\/\/armanjuegosyparques.com\/?page_id=290"},"modified":"2024-04-08T17:45:58","modified_gmt":"2024-04-08T15:45:58","slug":"mesas-de-juegos","status":"publish","type":"page","link":"https:\/\/armanjuegosyparques.com\/index.php\/mesas-de-juegos\/","title":{"rendered":"Mesas de Juegos"},"content":{"rendered":"\t\t<div data-elementor-type=\"wp-page\" data-elementor-id=\"290\" class=\"elementor elementor-290\">\n\t\t\t\t\t\t<section class=\"elementor-section elementor-top-section elementor-element elementor-element-1b4cd60 elementor-section-boxed elementor-section-height-default elementor-section-height-default\" data-id=\"1b4cd60\" data-element_type=\"section\">\n\t\t\t\t\t\t<div class=\"elementor-container elementor-column-gap-default\">\n\t\t\t\t\t<div class=\"elementor-column elementor-col-100 elementor-top-column elementor-element elementor-element-0bf36aa\" data-id=\"0bf36aa\" data-element_type=\"column\">\n\t\t\t<div class=\"elementor-widget-wrap elementor-element-populated\">\n\t\t\t\t\t\t<div class=\"elementor-element elementor-element-8f237a6 elementor-widget elementor-widget-heading\" data-id=\"8f237a6\" data-element_type=\"widget\" data-widget_type=\"heading.default\">\n\t\t\t\t<div class=\"elementor-widget-container\">\n\t\t\t<h2 class=\"elementor-heading-title elementor-size-default\">Mesas de juego<\/h2>\t\t<\/div>\n\t\t\t\t<\/div>\n\t\t\t\t<div class=\"elementor-element elementor-element-0adeb3b elementor-widget elementor-widget-heading\" data-id=\"0adeb3b\" data-element_type=\"widget\" data-widget_type=\"heading.default\">\n\t\t\t\t<div class=\"elementor-widget-container\">\n\t\t\t<h2 class=\"elementor-heading-title elementor-size-default\">Ajedr\u00e9z<\/h2>\t\t<\/div>\n\t\t\t\t<\/div>\n\t\t\t\t<div class=\"elementor-element elementor-element-32c13e4 elementor-widget elementor-widget-image\" data-id=\"32c13e4\" data-element_type=\"widget\" data-widget_type=\"image.default\">\n\t\t\t\t<div class=\"elementor-widget-container\">\n\t\t\t\t\t\t\t\t\t\t\t\t\t<img fetchpriority=\"high\" decoding=\"async\" width=\"1020\" height=\"765\" src=\"https:\/\/armanjuegosyparques.com\/wp-content\/uploads\/2023\/10\/WhatsApp-Image-2023-09-26-at-3.54.54-PM-1024x768.jpeg\" class=\"attachment-large size-large wp-image-740\" alt=\"\" srcset=\"https:\/\/armanjuegosyparques.com\/wp-content\/uploads\/2023\/10\/WhatsApp-Image-2023-09-26-at-3.54.54-PM-scaled.jpeg 1024w, https:\/\/armanjuegosyparques.com\/wp-content\/uploads\/2023\/10\/WhatsApp-Image-2023-09-26-at-3.54.54-PM-300x225.jpeg 300w, https:\/\/armanjuegosyparques.com\/wp-content\/uploads\/2023\/10\/WhatsApp-Image-2023-09-26-at-3.54.54-PM-768x576.jpeg 768w\" sizes=\"(max-width: 1020px) 100vw, 1020px\" \/>\t\t\t\t\t\t\t\t\t\t\t\t\t<\/div>\n\t\t\t\t<\/div>\n\t\t\t\t<div class=\"elementor-element elementor-element-d74033e elementor-widget__width-initial elementor-invisible elementor-widget elementor-widget-heading\" data-id=\"d74033e\" data-element_type=\"widget\" data-settings=\"{&quot;_animation&quot;:&quot;fadeInDown&quot;}\" data-widget_type=\"heading.default\">\n\t\t\t\t<div class=\"elementor-widget-container\">\n\t\t\t<h2 class=\"elementor-heading-title elementor-size-default\">En nuestra empresa contamos con distintas mesas de juego para el equipamiento urbano. Entre ellos ajedrez, parqu\u00e9s, ping-pong<\/h2>\t\t<\/div>\n\t\t\t\t<\/div>\n\t\t\t\t\t<\/div>\n\t\t<\/div>\n\t\t\t\t\t<\/div>\n\t\t<\/section>\n\t\t\t\t<section class=\"elementor-section elementor-top-section elementor-element elementor-element-abc49a8 elementor-section-boxed elementor-section-height-default elementor-section-height-default\" data-id=\"abc49a8\" data-element_type=\"section\">\n\t\t\t\t\t\t<div class=\"elementor-container elementor-column-gap-default\">\n\t\t\t\t\t<div class=\"elementor-column elementor-col-100 elementor-top-column elementor-element elementor-element-4abfc10\" data-id=\"4abfc10\" data-element_type=\"column\">\n\t\t\t<div class=\"elementor-widget-wrap elementor-element-populated\">\n\t\t\t\t\t\t<div class=\"elementor-element elementor-element-328bada elementor-widget elementor-widget-spacer\" data-id=\"328bada\" data-element_type=\"widget\" data-widget_type=\"spacer.default\">\n\t\t\t\t<div class=\"elementor-widget-container\">\n\t\t\t\t\t<div class=\"elementor-spacer\">\n\t\t\t<div class=\"elementor-spacer-inner\"><\/div>\n\t\t<\/div>\n\t\t\t\t<\/div>\n\t\t\t\t<\/div>\n\t\t\t\t\t<\/div>\n\t\t<\/div>\n\t\t\t\t\t<\/div>\n\t\t<\/section>\n\t\t\t\t<section class=\"elementor-section elementor-top-section elementor-element elementor-element-38188d8 elementor-section-boxed elementor-section-height-default elementor-section-height-default\" data-id=\"38188d8\" data-element_type=\"section\">\n\t\t\t\t\t\t<div class=\"elementor-container elementor-column-gap-default\">\n\t\t\t\t\t<div class=\"elementor-column elementor-col-100 elementor-top-column elementor-element elementor-element-eedb0ab\" data-id=\"eedb0ab\" data-element_type=\"column\">\n\t\t\t<div class=\"elementor-widget-wrap elementor-element-populated\">\n\t\t\t\t\t\t<div class=\"elementor-element elementor-element-c6c1690 elementor-widget elementor-widget-heading\" data-id=\"c6c1690\" data-element_type=\"widget\" data-widget_type=\"heading.default\">\n\t\t\t\t<div class=\"elementor-widget-container\">\n\t\t\t<h2 class=\"elementor-heading-title elementor-size-default\">Parqu\u00e9s<\/h2>\t\t<\/div>\n\t\t\t\t<\/div>\n\t\t\t\t<div class=\"elementor-element elementor-element-8aed971 elementor-invisible elementor-widget elementor-widget-image\" data-id=\"8aed971\" data-element_type=\"widget\" data-settings=\"{&quot;_animation&quot;:&quot;fadeInRight&quot;}\" data-widget_type=\"image.default\">\n\t\t\t\t<div class=\"elementor-widget-container\">\n\t\t\t\t\t\t\t\t\t\t\t\t\t<img decoding=\"async\" width=\"1020\" height=\"574\" src=\"https:\/\/armanjuegosyparques.com\/wp-content\/uploads\/2023\/10\/WhatsApp-Image-2023-04-20-at-12.06.53-PM-1024x576.jpeg\" class=\"attachment-large size-large wp-image-739\" alt=\"\" srcset=\"https:\/\/armanjuegosyparques.com\/wp-content\/uploads\/2023\/10\/WhatsApp-Image-2023-04-20-at-12.06.53-PM-scaled.jpeg 1024w, https:\/\/armanjuegosyparques.com\/wp-content\/uploads\/2023\/10\/WhatsApp-Image-2023-04-20-at-12.06.53-PM-300x169.jpeg 300w, https:\/\/armanjuegosyparques.com\/wp-content\/uploads\/2023\/10\/WhatsApp-Image-2023-04-20-at-12.06.53-PM-768x432.jpeg 768w\" sizes=\"(max-width: 1020px) 100vw, 1020px\" \/>\t\t\t\t\t\t\t\t\t\t\t\t\t<\/div>\n\t\t\t\t<\/div>\n\t\t\t\t\t<\/div>\n\t\t<\/div>\n\t\t\t\t\t<\/div>\n\t\t<\/section>\n\t\t\t\t<section class=\"elementor-section elementor-top-section elementor-element elementor-element-e18ca33 elementor-section-boxed elementor-section-height-default elementor-section-height-default\" data-id=\"e18ca33\" data-element_type=\"section\">\n\t\t\t\t\t\t<div class=\"elementor-container elementor-column-gap-default\">\n\t\t\t\t\t<div class=\"elementor-column elementor-col-100 elementor-top-column elementor-element elementor-element-2b2cac9\" data-id=\"2b2cac9\" data-element_type=\"column\">\n\t\t\t<div class=\"elementor-widget-wrap elementor-element-populated\">\n\t\t\t\t\t\t<div class=\"elementor-element elementor-element-fd77986 elementor-widget elementor-widget-heading\" data-id=\"fd77986\" data-element_type=\"widget\" data-widget_type=\"heading.default\">\n\t\t\t\t<div class=\"elementor-widget-container\">\n\t\t\t<h2 class=\"elementor-heading-title elementor-size-default\">Ping - Pong <\/h2>\t\t<\/div>\n\t\t\t\t<\/div>\n\t\t\t\t<div class=\"elementor-element elementor-element-1722518 elementor-invisible elementor-widget elementor-widget-image\" data-id=\"1722518\" data-element_type=\"widget\" data-settings=\"{&quot;_animation&quot;:&quot;fadeInRight&quot;}\" data-widget_type=\"image.default\">\n\t\t\t\t<div class=\"elementor-widget-container\">\n\t\t\t\t\t\t\t\t\t\t\t\t\t<img decoding=\"async\" width=\"1020\" height=\"574\" src=\"https:\/\/armanjuegosyparques.com\/wp-content\/uploads\/2023\/10\/WhatsApp-Image-2023-04-20-at-12.06.53-PM-2-1024x576.jpeg\" class=\"attachment-large size-large wp-image-738\" alt=\"\" srcset=\"https:\/\/armanjuegosyparques.com\/wp-content\/uploads\/2023\/10\/WhatsApp-Image-2023-04-20-at-12.06.53-PM-2-scaled.jpeg 1024w, https:\/\/armanjuegosyparques.com\/wp-content\/uploads\/2023\/10\/WhatsApp-Image-2023-04-20-at-12.06.53-PM-2-300x169.jpeg 300w, https:\/\/armanjuegosyparques.com\/wp-content\/uploads\/2023\/10\/WhatsApp-Image-2023-04-20-at-12.06.53-PM-2-768x432.jpeg 768w\" sizes=\"(max-width: 1020px) 100vw, 1020px\" \/>\t\t\t\t\t\t\t\t\t\t\t\t\t<\/div>\n\t\t\t\t<\/div>\n\t\t\t\t\t<\/div>\n\t\t<\/div>\n\t\t\t\t\t<\/div>\n\t\t<\/section>\n\t\t\t\t<section class=\"elementor-section elementor-top-section elementor-element elementor-element-fe9ae30 elementor-section-boxed elementor-section-height-default elementor-section-height-default\" data-id=\"fe9ae30\" data-element_type=\"section\">\n\t\t\t\t\t\t<div class=\"elementor-container elementor-column-gap-default\">\n\t\t\t\t\t<div class=\"elementor-column elementor-col-100 elementor-top-column elementor-element elementor-element-9d8426a\" data-id=\"9d8426a\" data-element_type=\"column\">\n\t\t\t<div class=\"elementor-widget-wrap elementor-element-populated\">\n\t\t\t\t\t\t<div class=\"elementor-element elementor-element-001c8cc elementor-invisible elementor-widget elementor-widget-heading\" data-id=\"001c8cc\" data-element_type=\"widget\" data-settings=\"{&quot;_animation&quot;:&quot;fadeInDown&quot;}\" data-widget_type=\"heading.default\">\n\t\t\t\t<div class=\"elementor-widget-container\">\n\t\t\t<h2 class=\"elementor-heading-title elementor-size-default\">Descubre nuestros modelos y elige el que mejor se adapte a tus necesidades<\/h2>\t\t<\/div>\n\t\t\t\t<\/div>\n\t\t\t\t\t<\/div>\n\t\t<\/div>\n\t\t\t\t\t<\/div>\n\t\t<\/section>\n\t\t\t\t<section class=\"elementor-section elementor-top-section elementor-element elementor-element-47be048 elementor-section-content-middle elementor-section-boxed elementor-section-height-default elementor-section-height-default\" data-id=\"47be048\" data-element_type=\"section\">\n\t\t\t\t\t\t<div class=\"elementor-container elementor-column-gap-no\">\n\t\t\t\t\t<div class=\"elementor-column elementor-col-50 elementor-top-column elementor-element elementor-element-47edccc\" data-id=\"47edccc\" data-element_type=\"column\" data-settings=\"{&quot;background_background&quot;:&quot;classic&quot;}\">\n\t\t\t<div class=\"elementor-widget-wrap elementor-element-populated\">\n\t\t\t\t\t\t<div class=\"elementor-element elementor-element-139dd62 elementor-widget elementor-widget-heading\" data-id=\"139dd62\" data-element_type=\"widget\" data-widget_type=\"heading.default\">\n\t\t\t\t<div class=\"elementor-widget-container\">\n\t\t\t<h4 class=\"elementor-heading-title elementor-size-default\">Escribenos un e-mail o ll\u00e1manos<\/h4>\t\t<\/div>\n\t\t\t\t<\/div>\n\t\t\t\t<div class=\"elementor-element elementor-element-6b74787 elementor-invisible elementor-widget elementor-widget-text-editor\" data-id=\"6b74787\" data-element_type=\"widget\" data-settings=\"{&quot;_animation&quot;:&quot;fadeInLeft&quot;}\" data-widget_type=\"text-editor.default\">\n\t\t\t\t<div class=\"elementor-widget-container\">\n\t\t\t\t\t\t\t<p><span style=\"color: #ffffff;\">ventas@armanjuegosyparques.com\u00a0<\/span><\/p><p><span style=\"color: #ffffff;\">Tel\u00e9fono : 3044023878 &#8211;\u00a0<\/span><span style=\"color: #ffffff;\">3182671734<\/span><\/p><p><span style=\"color: #ffffff;\">Vis\u00edtanos en Suba Av. Corpas 157 -77 Int. 1<\/span><\/p>\t\t\t\t\t\t<\/div>\n\t\t\t\t<\/div>\n\t\t\t\t\t<\/div>\n\t\t<\/div>\n\t\t\t\t<div class=\"elementor-column elementor-col-50 elementor-top-column elementor-element elementor-element-6fddc62\" data-id=\"6fddc62\" data-element_type=\"column\" data-settings=\"{&quot;background_background&quot;:&quot;classic&quot;}\">\n\t\t\t<div class=\"elementor-widget-wrap elementor-element-populated\">\n\t\t\t\t\t\t<div class=\"elementor-element elementor-element-d8d45fb elementor-shape-square elementor-grid-0 e-grid-align-center elementor-invisible elementor-widget elementor-widget-social-icons\" data-id=\"d8d45fb\" data-element_type=\"widget\" data-settings=\"{&quot;_animation&quot;:&quot;fadeInRight&quot;}\" data-widget_type=\"social-icons.default\">\n\t\t\t\t<div class=\"elementor-widget-container\">\n\t\t\t\t\t<div class=\"elementor-social-icons-wrapper elementor-grid\">\n\t\t\t\t\t\t\t<span class=\"elementor-grid-item\">\n\t\t\t\t\t<a class=\"elementor-icon elementor-social-icon elementor-social-icon-facebook-f elementor-repeater-item-72f6e4b\" href=\"https:\/\/www.facebook.com\/Arman-juegos-y-parques-101636018269912\" target=\"_blank\" rel=\"nofollow\">\n\t\t\t\t\t\t<span class=\"elementor-screen-only\">Facebook-f<\/span>\n\t\t\t\t\t\t<i class=\"fab fa-facebook-f\"><\/i>\t\t\t\t\t<\/a>\n\t\t\t\t<\/span>\n\t\t\t\t\t\t\t<span class=\"elementor-grid-item\">\n\t\t\t\t\t<a class=\"elementor-icon elementor-social-icon elementor-social-icon-instagram elementor-repeater-item-73f8653\" href=\"https:\/\/www.instagram.com\/armanparquesinfantiles\/\" target=\"_blank\" rel=\"nofollow\">\n\t\t\t\t\t\t<span class=\"elementor-screen-only\">Instagram<\/span>\n\t\t\t\t\t\t<i class=\"fab fa-instagram\"><\/i>\t\t\t\t\t<\/a>\n\t\t\t\t<\/span>\n\t\t\t\t\t<\/div>\n\t\t\t\t<\/div>\n\t\t\t\t<\/div>\n\t\t\t\t<div class=\"elementor-element elementor-element-0965f77 elementor-widget elementor-widget-heading\" data-id=\"0965f77\" data-element_type=\"widget\" data-widget_type=\"heading.default\">\n\t\t\t\t<div class=\"elementor-widget-container\">\n\t\t\t<h2 class=\"elementor-heading-title elementor-size-default\">Siguenos<\/h2>\t\t<\/div>\n\t\t\t\t<\/div>\n\t\t\t\t\t<\/div>\n\t\t<\/div>\n\t\t\t\t\t<\/div>\n\t\t<\/section>\n\t\t\t\t<\/div>\n\t\t","protected":false},"excerpt":{"rendered":"<p>Mesas de juego Ajedr\u00e9z En nuestra empresa contamos con distintas mesas de juego para el equipamiento urbano. Entre ellos ajedrez, parqu\u00e9s, ping-pong Parqu\u00e9s Ping &#8211;<a href=\"https:\/\/armanjuegosyparques.com\/index.php\/mesas-de-juegos\/\" class=\"more-link\">Read More<i class=\"fa fa-arrow-right\"><\/i><\/a><\/p>\n","protected":false},"author":2,"featured_media":0,"parent":0,"menu_order":0,"comment_status":"closed","ping_status":"closed","template":"","meta":{"footnotes":""},"class_list":["post-290","page","type-page","status-publish","hentry"],"_links":{"self":[{"href":"https:\/\/armanjuegosyparques.com\/index.php\/wp-json\/wp\/v2\/pages\/290"}],"collection":[{"href":"https:\/\/armanjuegosyparques.com\/index.php\/wp-json\/wp\/v2\/pages"}],"about":[{"href":"https:\/\/armanjuegosyparques.com\/index.php\/wp-json\/wp\/v2\/types\/page"}],"author":[{"embeddable":true,"href":"https:\/\/armanjuegosyparques.com\/index.php\/wp-json\/wp\/v2\/users\/2"}],"replies":[{"embeddable":true,"href":"https:\/\/armanjuegosyparques.com\/index.php\/wp-json\/wp\/v2\/comments?post=290"}],"version-history":[{"count":27,"href":"https:\/\/armanjuegosyparques.com\/index.php\/wp-json\/wp\/v2\/pages\/290\/revisions"}],"predecessor-version":[{"id":853,"href":"https:\/\/armanjuegosyparques.com\/index.php\/wp-json\/wp\/v2\/pages\/290\/revisions\/853"}],"wp:attachment":[{"href":"https:\/\/armanjuegosyparques.com\/index.php\/wp-json\/wp\/v2\/media?parent=290"}],"curies":[{"name":"wp","href":"https:\/\/api.w.org\/{rel}","templated":true}]}}